{"id":2,"date":"2019-10-09T12:42:54","date_gmt":"2019-10-09T12:42:54","guid":{"rendered":"https:\/\/www.redos.se\/?page_id=2"},"modified":"2022-03-27T13:46:01","modified_gmt":"2022-03-27T13:46:01","slug":"sample-page","status":"publish","type":"page","link":"https:\/\/www.redos.se\/","title":{"rendered":"REDOS AB"},"content":{"rendered":"\n<figure class=\"wp-block-image size-large\"><img decoding=\"async\" loading=\"lazy\" width=\"1024\" height=\"384\" src=\"https:\/\/www.redos.se\/wp-content\/uploads\/2020\/01\/Kungstr\u00e4dg\u00e5rden-Tbana-0285-1-1024x384.jpg\" alt=\"\" class=\"wp-image-21\" srcset=\"https:\/\/www.redos.se\/wp-content\/uploads\/2020\/01\/Kungstr\u00e4dg\u00e5rden-Tbana-0285-1-1024x384.jpg 1024w, https:\/\/www.redos.se\/wp-content\/uploads\/2020\/01\/Kungstr\u00e4dg\u00e5rden-Tbana-0285-1-300x113.jpg 300w, https:\/\/www.redos.se\/wp-content\/uploads\/2020\/01\/Kungstr\u00e4dg\u00e5rden-Tbana-0285-1-768x288.jpg 768w, https:\/\/www.redos.se\/wp-content\/uploads\/2020\/01\/Kungstr\u00e4dg\u00e5rden-Tbana-0285-1.jpg 1170w\" sizes=\"(max-width: 1024px) 100vw, 1024px\" \/><\/figure>\n\n\n\n<p><strong>Redos AB \u00e4r ett familje\u00e4gt bolag som driver bryggeriet och puben Smakverkstan Bryggeri. F\u00f6r mer information om bryggeriet och bokning i puben h\u00e4nvisar vi till hemsidan nedan. <\/strong><\/p>\n\n\n\n<p><strong>V\u00e4lkomna<br>\/ Stefan S\u00f6der<\/strong><\/p>\n\n\n\n<div class=\"wp-block-media-text alignwide is-stacked-on-mobile is-image-fill\" style=\"grid-template-columns:55% auto\"><figure class=\"wp-block-media-text__media\" style=\"background-image:url(https:\/\/www.redos.se\/wp-content\/uploads\/2020\/01\/FB2-2-1024x480.jpg);background-position:50% 50%\"><img decoding=\"async\" loading=\"lazy\" width=\"1024\" height=\"480\" src=\"https:\/\/www.redos.se\/wp-content\/uploads\/2020\/01\/FB2-2-1024x480.jpg\" alt=\"\" class=\"wp-image-28 size-full\" srcset=\"https:\/\/www.redos.se\/wp-content\/uploads\/2020\/01\/FB2-2-1024x480.jpg 1024w, https:\/\/www.redos.se\/wp-content\/uploads\/2020\/01\/FB2-2-300x141.jpg 300w, https:\/\/www.redos.se\/wp-content\/uploads\/2020\/01\/FB2-2-768x360.jpg 768w, https:\/\/www.redos.se\/wp-content\/uploads\/2020\/01\/FB2-2.jpg 1280w\" sizes=\"(max-width: 1024px) 100vw, 1024px\" \/><\/figure><div class=\"wp-block-media-text__content\">\n<hr class=\"wp-block-separator\"\/>\n\n\n\n<p class=\"has-large-font-size\"><strong>Smakverkstan<\/strong><br><strong>Bryggeri<\/strong><\/p>\n\n\n\n<p>D\u00e4r smakerna s\u00e4tts fr\u00e5n grunden<\/p>\n\n\n\n<div class=\"wp-block-buttons is-layout-flex\">\n<div class=\"wp-block-button\"><a class=\"wp-block-button__link\" href=\"http:\/\/www.smakverkstan.se\">L\u00c4R DIG MER<\/a><\/div>\n<\/div>\n<\/div><\/div>\n\n\n\n<hr class=\"wp-block-separator\"\/>\n","protected":false},"excerpt":{"rendered":"<p>Redos AB \u00e4r ett familje\u00e4gt bolag som driver bryggeriet och puben Smakverkstan Bryggeri. F\u00f6r mer information om bryggeriet och bokning i puben h\u00e4nvisar vi till hemsidan nedan. V\u00e4lkomna\/ Stefan S\u00f6der<\/p>\n","protected":false},"author":1,"featured_media":0,"parent":0,"menu_order":0,"comment_status":"closed","ping_status":"open","template":"","meta":[],"_links":{"self":[{"href":"https:\/\/www.redos.se\/index.php?rest_route=\/wp\/v2\/pages\/2"}],"collection":[{"href":"https:\/\/www.redos.se\/index.php?rest_route=\/wp\/v2\/pages"}],"about":[{"href":"https:\/\/www.redos.se\/index.php?rest_route=\/wp\/v2\/types\/page"}],"author":[{"embeddable":true,"href":"https:\/\/www.redos.se\/index.php?rest_route=\/wp\/v2\/users\/1"}],"replies":[{"embeddable":true,"href":"https:\/\/www.redos.se\/index.php?rest_route=%2Fwp%2Fv2%2Fcomments&post=2"}],"version-history":[{"count":15,"href":"https:\/\/www.redos.se\/index.php?rest_route=\/wp\/v2\/pages\/2\/revisions"}],"predecessor-version":[{"id":46,"href":"https:\/\/www.redos.se\/index.php?rest_route=\/wp\/v2\/pages\/2\/revisions\/46"}],"wp:attachment":[{"href":"https:\/\/www.redos.se\/index.php?rest_route=%2Fwp%2Fv2%2Fmedia&parent=2"}],"curies":[{"name":"wp","href":"https:\/\/api.w.org\/{rel}","templated":true}]}}